{"id":3955,"date":"2026-01-01T17:42:08","date_gmt":"2026-01-01T16:42:08","guid":{"rendered":"https:\/\/lucasarnould.fr\/?page_id=3955"},"modified":"2026-01-01T17:42:09","modified_gmt":"2026-01-01T16:42:09","slug":"mes-videos","status":"publish","type":"page","link":"https:\/\/lucasarnould.fr\/index.php\/mes-videos\/","title":{"rendered":"MES VIDEOS"},"content":{"rendered":"\t\t<div data-elementor-type=\"wp-page\" data-elementor-id=\"3955\" class=\"elementor elementor-3955\" data-elementor-post-type=\"page\">\n\t\t\t\t\t\t<section class=\"elementor-section elementor-top-section elementor-element elementor-element-93959ce elementor-section-height-min-height elementor-section-boxed elementor-section-height-default elementor-section-items-middle\" data-id=\"93959ce\" data-element_type=\"section\" data-e-type=\"section\" data-settings=\"{&quot;background_background&quot;:&quot;classic&quot;}\">\n\t\t\t\t\t\t\t<div class=\"elementor-background-overlay\"><\/div>\n\t\t\t\t\t\t\t<div class=\"elementor-container elementor-column-gap-no\">\n\t\t\t\t\t<div class=\"elementor-column elementor-col-100 elementor-top-column elementor-element elementor-element-1d31aa78\" data-id=\"1d31aa78\" data-element_type=\"column\" data-e-type=\"column\">\n\t\t\t<div class=\"elementor-widget-wrap elementor-element-populated\">\n\t\t\t\t\t\t<div class=\"elementor-element elementor-element-16a7ed34 elementor-widget elementor-widget-qi_addons_for_elementor_section_title\" data-id=\"16a7ed34\" data-element_type=\"widget\" data-e-type=\"widget\" data-widget_type=\"qi_addons_for_elementor_section_title.default\">\n\t\t\t\t<div class=\"elementor-widget-container\">\n\t\t\t\t\t<div class=\"qodef-shortcode qodef-m qodef-qi-section-title qodef-decoration--underline qodef-link--underline-draw qodef-subtitle-icon--left\">\n\t\t\t<h2 class=\"qodef-m-title\">\n\t\tMes r\u00e9alisations <span class=\"qodef-e-colored\">vid\u00e9o<\/span>\t<\/h2>\n\t\t\t\t\t\t<div class=\"qodef-m-text\"><p>Retrouvez quelques exemples des vid\u00e9os que j'ai pu r\u00e9aliser<\/p><\/div>\n\t\t<div class=\"qodef-m-button qodef-qi-clear\">\n\t\t<a class=\"qodef-shortcode qodef-m qodef-qi-button qodef-html--link qodef-layout--textual qodef-type--standard qodef-icon--left qodef-hover--icon-move-horizontal-short qodef-button-underline-draw\" href=\"#\" target=\"_self\">\t<span class=\"qodef-m-text\"><\/span>\t<\/a>\t<\/div>\n<\/div>\n\t\t\t\t<\/div>\n\t\t\t\t<\/div>\n\t\t\t\t\t<\/div>\n\t\t<\/div>\n\t\t\t\t\t<\/div>\n\t\t<\/section>\n\t\t<div class=\"elementor-element elementor-element-32332c2 e-flex e-con-boxed e-con e-parent\" data-id=\"32332c2\" data-element_type=\"container\" data-e-type=\"container\">\n\t\t\t\t\t<div class=\"e-con-inner\">\n\t\t\t\t<div class=\"elementor-element elementor-element-93c0f23 elementor-widget elementor-widget-video\" data-id=\"93c0f23\" data-element_type=\"widget\" data-e-type=\"widget\" data-settings=\"{&quot;youtube_url&quot;:&quot;https:\\\/\\\/www.youtube.com\\\/watch?v=tuFsIpww0Kg&quot;,&quot;video_type&quot;:&quot;youtube&quot;,&quot;controls&quot;:&quot;yes&quot;}\" data-widget_type=\"video.default\">\n\t\t\t\t<div class=\"elementor-widget-container\">\n\t\t\t\t\t\t\t<div class=\"elementor-wrapper elementor-open-inline\">\n\t\t\t<div class=\"elementor-video\"><\/div>\t\t<\/div>\n\t\t\t\t\t\t<\/div>\n\t\t\t\t<\/div>\n\t\t\t\t\t<\/div>\n\t\t\t\t<\/div>\n\t\t<div class=\"elementor-element elementor-element-dfb22d9 e-flex e-con-boxed e-con e-parent\" data-id=\"dfb22d9\" data-element_type=\"container\" data-e-type=\"container\">\n\t\t\t\t\t<div class=\"e-con-inner\">\n\t\t\t\t<div class=\"elementor-element elementor-element-c504fcb elementor-widget elementor-widget-video\" data-id=\"c504fcb\" data-element_type=\"widget\" data-e-type=\"widget\" data-settings=\"{&quot;video_type&quot;:&quot;hosted&quot;,&quot;controls&quot;:&quot;yes&quot;}\" data-widget_type=\"video.default\">\n\t\t\t\t<div class=\"elementor-widget-container\">\n\t\t\t\t\t\t\t<div class=\"e-hosted-video elementor-wrapper elementor-open-inline\">\n\t\t\t\t\t<video class=\"elementor-video\" src=\"http:\/\/lucasarnould.fr\/wp-content\/uploads\/2025\/12\/UN-MATIN-A-LINSTITUT.mp4\" controls=\"\" preload=\"metadata\" controlsList=\"nodownload\"><\/video>\n\t\t\t\t<\/div>\n\t\t\t\t\t\t<\/div>\n\t\t\t\t<\/div>\n\t\t\t\t\t<\/div>\n\t\t\t\t<\/div>\n\t\t\t\t<\/div>\n\t\t","protected":false},"excerpt":{"rendered":"<p>Mes r\u00e9alisations vid\u00e9o Retrouvez quelques exemples des vid\u00e9os que j&rsquo;ai pu r\u00e9aliser https:\/\/www.youtube.com\/watch?v=tuFsIpww0Kghttp%3A%2F%2Flucasarnould.fr%2Fwp-content%2Fuploads%2F2025%2F12%2FUN-MATIN-A-LINSTITUT.mp4<\/p>\n","protected":false},"author":1,"featured_media":0,"parent":0,"menu_order":0,"comment_status":"closed","ping_status":"closed","template":"","meta":{"om_disable_all_campaigns":false,"_monsterinsights_skip_tracking":false,"_monsterinsights_sitenote_active":false,"_monsterinsights_sitenote_note":"","_monsterinsights_sitenote_category":0,"site-sidebar-layout":"no-sidebar","site-content-layout":"page-builder","ast-site-content-layout":"full-width-container","site-content-style":"default","site-sidebar-style":"default","ast-global-header-display":"","ast-banner-title-visibility":"","ast-main-header-display":"","ast-hfb-above-header-display":"","ast-hfb-below-header-display":"","ast-hfb-mobile-header-display":"","site-post-title":"disabled","ast-breadcrumbs-content":"","ast-featured-img":"disabled","footer-sml-layout":"","theme-transparent-header-meta":"","adv-header-id-meta":"","stick-header-meta":"","header-above-stick-meta":"","header-main-stick-meta":"","header-below-stick-meta":"","astra-migrate-meta-layouts":"set","ast-page-background-enabled":"default","ast-page-background-meta":{"desktop":{"background-color":"var(--ast-global-color-4)","background-image":"","background-repeat":"repeat","background-position":"center center","background-size":"auto","background-attachment":"scroll","background-type":"","background-media":"","overlay-type":"","overlay-color":"","overlay-gradient":""},"tablet":{"background-color":"","background-image":"","background-repeat":"repeat","background-position":"center center","background-size":"auto","background-attachment":"scroll","background-type":"","background-media":"","overlay-type":"","overlay-color":"","overlay-gradient":""},"mobile":{"background-color":"","background-image":"","background-repeat":"repeat","background-position":"center center","background-size":"auto","background-attachment":"scroll","background-type":"","background-media":"","overlay-type":"","overlay-color":"","overlay-gradient":""}},"ast-content-background-meta":{"desktop":{"background-color":"var(--ast-global-color-5)","background-image":"","background-repeat":"repeat","background-position":"center center","background-size":"auto","background-attachment":"scroll","background-type":"","background-media":"","overlay-type":"","overlay-color":"","overlay-gradient":""},"tablet":{"background-color":"var(--ast-global-color-5)","background-image":"","background-repeat":"repeat","background-position":"center center","background-size":"auto","background-attachment":"scroll","background-type":"","background-media":"","overlay-type":"","overlay-color":"","overlay-gradient":""},"mobile":{"background-color":"var(--ast-global-color-5)","background-image":"","background-repeat":"repeat","background-position":"center center","background-size":"auto","background-attachment":"scroll","background-type":"","background-media":"","overlay-type":"","overlay-color":"","overlay-gradient":""}},"footnotes":""},"class_list":["post-3955","page","type-page","status-publish","hentry"],"yoast_head":"<!-- This site is optimized with the Yoast SEO plugin v27.5 - https:\/\/yoast.com\/product\/yoast-seo-wordpress\/ -->\n<title>MES VIDEOS - Lucas Arnould<\/title>\n<meta name=\"robots\" content=\"index, follow, max-snippet:-1, max-image-preview:large, max-video-preview:-1\" \/>\n<link rel=\"canonical\" href=\"https:\/\/lucasarnould.fr\/index.php\/mes-videos\/\" \/>\n<meta property=\"og:locale\" content=\"fr_FR\" \/>\n<meta property=\"og:type\" content=\"article\" \/>\n<meta property=\"og:title\" content=\"MES VIDEOS - Lucas Arnould\" \/>\n<meta property=\"og:description\" content=\"Mes r\u00e9alisations vid\u00e9o Retrouvez quelques exemples des vid\u00e9os que j&rsquo;ai pu r\u00e9aliser https:\/\/www.youtube.com\/watch?v=tuFsIpww0Kghttp%3A%2F%2Flucasarnould.fr%2Fwp-content%2Fuploads%2F2025%2F12%2FUN-MATIN-A-LINSTITUT.mp4\" \/>\n<meta property=\"og:url\" content=\"https:\/\/lucasarnould.fr\/index.php\/mes-videos\/\" \/>\n<meta property=\"og:site_name\" content=\"Lucas Arnould\" \/>\n<meta property=\"article:modified_time\" content=\"2026-01-01T16:42:09+00:00\" \/>\n<meta property=\"og:image\" content=\"https:\/\/lucasarnould.fr\/wp-content\/uploads\/2023\/11\/Logo-Lucas.png\" \/>\n\t<meta property=\"og:image:width\" content=\"464\" \/>\n\t<meta property=\"og:image:height\" content=\"293\" \/>\n\t<meta property=\"og:image:type\" content=\"image\/png\" \/>\n<meta name=\"twitter:card\" content=\"summary_large_image\" \/>\n<meta name=\"twitter:label1\" content=\"Dur\u00e9e de lecture estim\u00e9e\" \/>\n\t<meta name=\"twitter:data1\" content=\"1 minute\" \/>\n<script type=\"application\/ld+json\" class=\"yoast-schema-graph\">{\"@context\":\"https:\\\/\\\/schema.org\",\"@graph\":[{\"@type\":\"WebPage\",\"@id\":\"https:\\\/\\\/lucasarnould.fr\\\/index.php\\\/mes-videos\\\/\",\"url\":\"https:\\\/\\\/lucasarnould.fr\\\/index.php\\\/mes-videos\\\/\",\"name\":\"MES VIDEOS - Lucas Arnould\",\"isPartOf\":{\"@id\":\"https:\\\/\\\/lucasarnould.fr\\\/#website\"},\"datePublished\":\"2026-01-01T16:42:08+00:00\",\"dateModified\":\"2026-01-01T16:42:09+00:00\",\"breadcrumb\":{\"@id\":\"https:\\\/\\\/lucasarnould.fr\\\/index.php\\\/mes-videos\\\/#breadcrumb\"},\"inLanguage\":\"fr-FR\",\"potentialAction\":[{\"@type\":\"ReadAction\",\"target\":[\"https:\\\/\\\/lucasarnould.fr\\\/index.php\\\/mes-videos\\\/\"]}]},{\"@type\":\"BreadcrumbList\",\"@id\":\"https:\\\/\\\/lucasarnould.fr\\\/index.php\\\/mes-videos\\\/#breadcrumb\",\"itemListElement\":[{\"@type\":\"ListItem\",\"position\":1,\"name\":\"Accueil\",\"item\":\"https:\\\/\\\/lucasarnould.fr\\\/\"},{\"@type\":\"ListItem\",\"position\":2,\"name\":\"MES VIDEOS\"}]},{\"@type\":\"WebSite\",\"@id\":\"https:\\\/\\\/lucasarnould.fr\\\/#website\",\"url\":\"https:\\\/\\\/lucasarnould.fr\\\/\",\"name\":\"Lucas Arnould - Sp\u00e9cialiste en communication et photographie\",\"description\":\"\",\"publisher\":{\"@id\":\"https:\\\/\\\/lucasarnould.fr\\\/#\\\/schema\\\/person\\\/a3e7fadb04ecdbeca7c68bd3730279ab\"},\"potentialAction\":[{\"@type\":\"SearchAction\",\"target\":{\"@type\":\"EntryPoint\",\"urlTemplate\":\"https:\\\/\\\/lucasarnould.fr\\\/?s={search_term_string}\"},\"query-input\":{\"@type\":\"PropertyValueSpecification\",\"valueRequired\":true,\"valueName\":\"search_term_string\"}}],\"inLanguage\":\"fr-FR\"},{\"@type\":[\"Person\",\"Organization\"],\"@id\":\"https:\\\/\\\/lucasarnould.fr\\\/#\\\/schema\\\/person\\\/a3e7fadb04ecdbeca7c68bd3730279ab\",\"name\":\"lucasarnould.fr\",\"image\":{\"@type\":\"ImageObject\",\"inLanguage\":\"fr-FR\",\"@id\":\"https:\\\/\\\/lucasarnould.fr\\\/wp-content\\\/uploads\\\/2024\\\/01\\\/cropped-cropped-Logo-Non-Prenom.png\",\"url\":\"https:\\\/\\\/lucasarnould.fr\\\/wp-content\\\/uploads\\\/2024\\\/01\\\/cropped-cropped-Logo-Non-Prenom.png\",\"contentUrl\":\"https:\\\/\\\/lucasarnould.fr\\\/wp-content\\\/uploads\\\/2024\\\/01\\\/cropped-cropped-Logo-Non-Prenom.png\",\"width\":2677,\"height\":816,\"caption\":\"lucasarnould.fr\"},\"logo\":{\"@id\":\"https:\\\/\\\/lucasarnould.fr\\\/wp-content\\\/uploads\\\/2024\\\/01\\\/cropped-cropped-Logo-Non-Prenom.png\"},\"sameAs\":[\"http:\\\/\\\/lucasarnould.fr\"]}]}<\/script>\n<!-- \/ Yoast SEO plugin. -->","yoast_head_json":{"title":"MES VIDEOS - Lucas Arnould","robots":{"index":"index","follow":"follow","max-snippet":"max-snippet:-1","max-image-preview":"max-image-preview:large","max-video-preview":"max-video-preview:-1"},"canonical":"https:\/\/lucasarnould.fr\/index.php\/mes-videos\/","og_locale":"fr_FR","og_type":"article","og_title":"MES VIDEOS - Lucas Arnould","og_description":"Mes r\u00e9alisations vid\u00e9o Retrouvez quelques exemples des vid\u00e9os que j&rsquo;ai pu r\u00e9aliser https:\/\/www.youtube.com\/watch?v=tuFsIpww0Kghttp%3A%2F%2Flucasarnould.fr%2Fwp-content%2Fuploads%2F2025%2F12%2FUN-MATIN-A-LINSTITUT.mp4","og_url":"https:\/\/lucasarnould.fr\/index.php\/mes-videos\/","og_site_name":"Lucas Arnould","article_modified_time":"2026-01-01T16:42:09+00:00","og_image":[{"width":464,"height":293,"url":"https:\/\/lucasarnould.fr\/wp-content\/uploads\/2023\/11\/Logo-Lucas.png","type":"image\/png"}],"twitter_card":"summary_large_image","twitter_misc":{"Dur\u00e9e de lecture estim\u00e9e":"1 minute"},"schema":{"@context":"https:\/\/schema.org","@graph":[{"@type":"WebPage","@id":"https:\/\/lucasarnould.fr\/index.php\/mes-videos\/","url":"https:\/\/lucasarnould.fr\/index.php\/mes-videos\/","name":"MES VIDEOS - Lucas Arnould","isPartOf":{"@id":"https:\/\/lucasarnould.fr\/#website"},"datePublished":"2026-01-01T16:42:08+00:00","dateModified":"2026-01-01T16:42:09+00:00","breadcrumb":{"@id":"https:\/\/lucasarnould.fr\/index.php\/mes-videos\/#breadcrumb"},"inLanguage":"fr-FR","potentialAction":[{"@type":"ReadAction","target":["https:\/\/lucasarnould.fr\/index.php\/mes-videos\/"]}]},{"@type":"BreadcrumbList","@id":"https:\/\/lucasarnould.fr\/index.php\/mes-videos\/#breadcrumb","itemListElement":[{"@type":"ListItem","position":1,"name":"Accueil","item":"https:\/\/lucasarnould.fr\/"},{"@type":"ListItem","position":2,"name":"MES VIDEOS"}]},{"@type":"WebSite","@id":"https:\/\/lucasarnould.fr\/#website","url":"https:\/\/lucasarnould.fr\/","name":"Lucas Arnould - Sp\u00e9cialiste en communication et photographie","description":"","publisher":{"@id":"https:\/\/lucasarnould.fr\/#\/schema\/person\/a3e7fadb04ecdbeca7c68bd3730279ab"},"potentialAction":[{"@type":"SearchAction","target":{"@type":"EntryPoint","urlTemplate":"https:\/\/lucasarnould.fr\/?s={search_term_string}"},"query-input":{"@type":"PropertyValueSpecification","valueRequired":true,"valueName":"search_term_string"}}],"inLanguage":"fr-FR"},{"@type":["Person","Organization"],"@id":"https:\/\/lucasarnould.fr\/#\/schema\/person\/a3e7fadb04ecdbeca7c68bd3730279ab","name":"lucasarnould.fr","image":{"@type":"ImageObject","inLanguage":"fr-FR","@id":"https:\/\/lucasarnould.fr\/wp-content\/uploads\/2024\/01\/cropped-cropped-Logo-Non-Prenom.png","url":"https:\/\/lucasarnould.fr\/wp-content\/uploads\/2024\/01\/cropped-cropped-Logo-Non-Prenom.png","contentUrl":"https:\/\/lucasarnould.fr\/wp-content\/uploads\/2024\/01\/cropped-cropped-Logo-Non-Prenom.png","width":2677,"height":816,"caption":"lucasarnould.fr"},"logo":{"@id":"https:\/\/lucasarnould.fr\/wp-content\/uploads\/2024\/01\/cropped-cropped-Logo-Non-Prenom.png"},"sameAs":["http:\/\/lucasarnould.fr"]}]}},"_links":{"self":[{"href":"https:\/\/lucasarnould.fr\/index.php\/wp-json\/wp\/v2\/pages\/3955","targetHints":{"allow":["GET"]}}],"collection":[{"href":"https:\/\/lucasarnould.fr\/index.php\/wp-json\/wp\/v2\/pages"}],"about":[{"href":"https:\/\/lucasarnould.fr\/index.php\/wp-json\/wp\/v2\/types\/page"}],"author":[{"embeddable":true,"href":"https:\/\/lucasarnould.fr\/index.php\/wp-json\/wp\/v2\/users\/1"}],"replies":[{"embeddable":true,"href":"https:\/\/lucasarnould.fr\/index.php\/wp-json\/wp\/v2\/comments?post=3955"}],"version-history":[{"count":5,"href":"https:\/\/lucasarnould.fr\/index.php\/wp-json\/wp\/v2\/pages\/3955\/revisions"}],"predecessor-version":[{"id":3992,"href":"https:\/\/lucasarnould.fr\/index.php\/wp-json\/wp\/v2\/pages\/3955\/revisions\/3992"}],"wp:attachment":[{"href":"https:\/\/lucasarnould.fr\/index.php\/wp-json\/wp\/v2\/media?parent=3955"}],"curies":[{"name":"wp","href":"https:\/\/api.w.org\/{rel}","templated":true}]}}