{"id":3505,"date":"2024-11-13T09:53:47","date_gmt":"2024-11-13T08:53:47","guid":{"rendered":"https:\/\/lucasarnould.fr\/?page_id=3505"},"modified":"2024-11-13T13:05:36","modified_gmt":"2024-11-13T12:05:36","slug":"marceau-guitars","status":"publish","type":"page","link":"https:\/\/lucasarnould.fr\/index.php\/marceau-guitars\/","title":{"rendered":"Marceau Guitars"},"content":{"rendered":"\t\t<div data-elementor-type=\"wp-page\" data-elementor-id=\"3505\" class=\"elementor elementor-3505\" data-elementor-post-type=\"page\">\n\t\t\t\t\t\t<section class=\"elementor-section elementor-top-section elementor-element elementor-element-74bfea31 elementor-section-height-min-height elementor-section-boxed elementor-section-height-default elementor-section-items-middle\" data-id=\"74bfea31\" data-element_type=\"section\" data-e-type=\"section\" data-settings=\"{&quot;background_background&quot;:&quot;classic&quot;}\">\n\t\t\t\t\t\t\t<div class=\"elementor-background-overlay\"><\/div>\n\t\t\t\t\t\t\t<div class=\"elementor-container elementor-column-gap-no\">\n\t\t\t\t\t<div class=\"elementor-column elementor-col-100 elementor-top-column elementor-element elementor-element-2a5a722c\" data-id=\"2a5a722c\" data-element_type=\"column\" data-e-type=\"column\">\n\t\t\t<div class=\"elementor-widget-wrap elementor-element-populated\">\n\t\t\t\t\t\t<div class=\"elementor-element elementor-element-5c7a099e elementor-widget elementor-widget-qi_addons_for_elementor_section_title\" data-id=\"5c7a099e\" data-element_type=\"widget\" data-e-type=\"widget\" data-widget_type=\"qi_addons_for_elementor_section_title.default\">\n\t\t\t\t<div class=\"elementor-widget-container\">\n\t\t\t\t\t<div class=\"qodef-shortcode qodef-m qodef-qi-section-title qodef-decoration--underline qodef-link--underline-draw qodef-subtitle-icon--left\">\n\t\t\t<h1 class=\"qodef-m-title\">\n\t\t<span class=\"qodef-e-colored\">marceau<\/span> guitars\t<\/h1>\n\t\t\t\t<h3 class=\"qodef-m-subtitle\">\n\t\tLuthier\t\t\t<\/h3>\n\t\t\t<\/div>\n\t\t\t\t<\/div>\n\t\t\t\t<\/div>\n\t\t\t\t\t<\/div>\n\t\t<\/div>\n\t\t\t\t\t<\/div>\n\t\t<\/section>\n\t\t\t\t<section class=\"elementor-section elementor-top-section elementor-element elementor-element-3e42a722 elementor-section-boxed elementor-section-height-default elementor-section-height-default\" data-id=\"3e42a722\" data-element_type=\"section\" data-e-type=\"section\">\n\t\t\t\t\t\t<div class=\"elementor-container elementor-column-gap-no\">\n\t\t\t\t\t<div class=\"elementor-column elementor-col-50 elementor-top-column elementor-element elementor-element-52eaa819\" data-id=\"52eaa819\" data-element_type=\"column\" data-e-type=\"column\">\n\t\t\t<div class=\"elementor-widget-wrap elementor-element-populated\">\n\t\t\t\t\t\t<div class=\"elementor-element elementor-element-537e7090 elementor-invisible elementor-widget elementor-widget-qi_addons_for_elementor_section_title\" data-id=\"537e7090\" data-element_type=\"widget\" data-e-type=\"widget\" data-settings=\"{&quot;_animation&quot;:&quot;fadeInLeft&quot;}\" data-widget_type=\"qi_addons_for_elementor_section_title.default\">\n\t\t\t\t<div class=\"elementor-widget-container\">\n\t\t\t\t\t<div class=\"qodef-shortcode qodef-m qodef-qi-section-title qodef-decoration--underline qodef-link--underline-draw qodef-subtitle-icon--left\">\n\t\t\t<h2 class=\"qodef-m-title\">\n\t\tR\u00e9alisation des <span class=\"qodef-e-colored\">supports<\/span> de <span class=\"qodef-e-colored\">communication<\/span> pour le luthier tom <span class=\"qodef-e-colored\">marceau<\/span>\t<\/h2>\n\t\t\t\t\t\t<div class=\"qodef-m-text\"><p>Avec une approche unique dans le domaine de la lutherie, Tom Marceau s\u2019est rapidement impos\u00e9 parmi les artisans de r\u00e9f\u00e9rence en guitare et basse \u00e9lectriques. Cet autodidacte passionn\u00e9, qui a commenc\u00e9 par transformer et r\u00e9parer ses propres instruments, con\u00e7oit aujourd'hui des mod\u00e8les personnalis\u00e9s au style et \u00e0 la qualit\u00e9 reconnus.<\/p><\/div>\n\t\t<div class=\"qodef-m-button qodef-qi-clear\">\n\t\t<a class=\"qodef-shortcode qodef-m qodef-qi-button qodef-html--link qodef-layout--textual qodef-type--standard qodef-icon--right qodef-hover--icon-move-horizontal-short qodef-text-underline qodef-underline--left qodef-button-underline-draw\" href=\"https:\/\/marceauguitars.com\/\" target=\"_self\">\t<span class=\"qodef-m-text\">Site internet <\/span>\t\t<span class=\"qodef-m-icon\">\t\t<span class=\"qodef-m-icon-inner\">\t\t\t<svg aria-hidden=\"true\" class=\"e-font-icon-svg e-fas-long-arrow-alt-down\" viewBox=\"0 0 256 512\" xmlns=\"http:\/\/www.w3.org\/2000\/svg\"><path d=\"M168 345.941V44c0-6.627-5.373-12-12-12h-56c-6.627 0-12 5.373-12 12v301.941H41.941c-21.382 0-32.09 25.851-16.971 40.971l86.059 86.059c9.373 9.373 24.569 9.373 33.941 0l86.059-86.059c15.119-15.119 4.411-40.971-16.971-40.971H168z\"><\/path><\/svg>\t\t\t\t\t<\/span>\t<\/span><\/a>\t<\/div>\n<\/div>\n\t\t\t\t<\/div>\n\t\t\t\t<\/div>\n\t\t\t\t\t<\/div>\n\t\t<\/div>\n\t\t\t\t<div class=\"elementor-column elementor-col-50 elementor-top-column elementor-element elementor-element-3b52392f\" data-id=\"3b52392f\" data-element_type=\"column\" data-e-type=\"column\">\n\t\t\t<div class=\"elementor-widget-wrap elementor-element-populated\">\n\t\t\t\t\t\t<div class=\"elementor-element elementor-element-7a325853 elementor-widget elementor-widget-qi_addons_for_elementor_cards_slider\" data-id=\"7a325853\" data-element_type=\"widget\" data-e-type=\"widget\" data-widget_type=\"qi_addons_for_elementor_cards_slider.default\">\n\t\t\t\t<div class=\"elementor-widget-container\">\n\t\t\t\t\t<div class=\"qodef-shortcode qodef-m qodef-qi-cards-slider qodef-orientation--one-side qodef-navigation--hover-move qodef-orientation--right\" data-orientation=\"right\" data-offset=\"35\">\n\t<div class=\"qodef-e-inner\">\n\t\t\t\t\t<div class=\"qodef-m-card\">\n\t\t\t\t<div class=\"qodef-m-bundle-item\">\n\t\t\t\t\t\t\t\t\t\t\t<img fetchpriority=\"high\" decoding=\"async\" src=\"https:\/\/lucasarnould.fr\/wp-content\/uploads\/2024\/11\/PHOTOCALL-scaled-500x500.jpg\" alt=\"\" width=\"500\" height=\"500\" \/>\t\t\t\t\t\t\t\t\t<\/div>\n\t\t\t<\/div>\n\t\t\t\t\t<div class=\"qodef-m-card\">\n\t\t\t\t<div class=\"qodef-m-bundle-item\">\n\t\t\t\t\t\t\t\t\t\t\t<img decoding=\"async\" src=\"https:\/\/lucasarnould.fr\/wp-content\/uploads\/2024\/11\/Stand-Test-500x500.png\" alt=\"\" width=\"500\" height=\"500\" \/>\t\t\t\t\t\t\t\t\t<\/div>\n\t\t\t<\/div>\n\t\t\t\t\t<div class=\"qodef-m-card\">\n\t\t\t\t<div class=\"qodef-m-bundle-item\">\n\t\t\t\t\t\t\t\t\t\t\t<img decoding=\"async\" src=\"https:\/\/lucasarnould.fr\/wp-content\/uploads\/2024\/11\/FLYER-1-500x500.png\" alt=\"\" width=\"500\" height=\"500\" \/>\t\t\t\t\t\t\t\t\t<\/div>\n\t\t\t<\/div>\n\t\t\t\t\t<div class=\"qodef-m-card\">\n\t\t\t\t<div class=\"qodef-m-bundle-item\">\n\t\t\t\t\t\t\t\t\t\t\t<img loading=\"lazy\" decoding=\"async\" src=\"https:\/\/lucasarnould.fr\/wp-content\/uploads\/2024\/11\/Flyer-carre-1-500x500.png\" alt=\"\" width=\"500\" height=\"500\" \/>\t\t\t\t\t\t\t\t\t<\/div>\n\t\t\t<\/div>\n\t\t\t<\/div>\n\t<div class=\"qodef-m-fake-card\">\n\t\t<img loading=\"lazy\" decoding=\"async\" src=\"https:\/\/lucasarnould.fr\/wp-content\/uploads\/2024\/11\/Flyer-carre-1-500x500.png\" alt=\"\" width=\"500\" height=\"500\" \/>\t<\/div>\n\t<div class=\"qodef-m-navigation\">\n\t\t<div class=\"qodef-nav qodef--prev\"><svg class=\"qodef-swiper-arrow-left\" xmlns=\"http:\/\/www.w3.org\/2000\/svg\" x=\"0px\" y=\"0px\" viewBox=\"0 0 34.2 32.3\" xml:space=\"preserve\" style=\"stroke-width: 2;\"><line x1=\"0.5\" y1=\"16\" x2=\"33.5\" y2=\"16\"\/><line x1=\"0.3\" y1=\"16.5\" x2=\"16.2\" y2=\"0.7\"\/><line x1=\"0\" y1=\"15.4\" x2=\"16.2\" y2=\"31.6\"\/><\/svg><\/div>\n\t\t<div class=\"qodef-nav qodef--next\"><svg class=\"qodef-swiper-arrow-right\" xmlns=\"http:\/\/www.w3.org\/2000\/svg\" x=\"0px\" y=\"0px\" viewBox=\"0 0 34.2 32.3\" xml:space=\"preserve\" style=\"stroke-width: 2;\"><line x1=\"0\" y1=\"16\" x2=\"33\" y2=\"16\"\/><line x1=\"17.3\" y1=\"0.7\" x2=\"33.2\" y2=\"16.5\"\/><line x1=\"17.3\" y1=\"31.6\" x2=\"33.5\" y2=\"15.4\"\/><\/svg><\/div>\n\t<\/div>\n<\/div>\n\t\t\t\t<\/div>\n\t\t\t\t<\/div>\n\t\t\t\t\t<\/div>\n\t\t<\/div>\n\t\t\t\t\t<\/div>\n\t\t<\/section>\n\t\t\t\t<\/div>\n\t\t","protected":false},"excerpt":{"rendered":"<p>marceau guitars Luthier R\u00e9alisation des supports de communication pour le luthier tom marceau Avec une approche unique dans le domaine de la lutherie, Tom Marceau s\u2019est rapidement impos\u00e9 parmi les artisans de r\u00e9f\u00e9rence en guitare et basse \u00e9lectriques. Cet autodidacte passionn\u00e9, qui a commenc\u00e9 par transformer et r\u00e9parer ses propres instruments, con\u00e7oit aujourd&rsquo;hui des mod\u00e8les &hellip;<\/p>\n<p class=\"read-more\"> <a class=\"\" href=\"https:\/\/lucasarnould.fr\/index.php\/marceau-guitars\/\"> <span class=\"screen-reader-text\">Marceau Guitars<\/span> Lire la suite\u00a0\u00bb<\/a><\/p>\n","protected":false},"author":1,"featured_media":0,"parent":0,"menu_order":0,"comment_status":"closed","ping_status":"closed","template":"","meta":{"om_disable_all_campaigns":false,"_monsterinsights_skip_tracking":false,"_monsterinsights_sitenote_active":false,"_monsterinsights_sitenote_note":"","_monsterinsights_sitenote_category":0,"site-sidebar-layout":"no-sidebar","site-content-layout":"page-builder","ast-site-content-layout":"full-width-container","site-content-style":"default","site-sidebar-style":"default","ast-global-header-display":"","ast-banner-title-visibility":"","ast-main-header-display":"","ast-hfb-above-header-display":"","ast-hfb-below-header-display":"","ast-hfb-mobile-header-display":"","site-post-title":"disabled","ast-breadcrumbs-content":"","ast-featured-img":"disabled","footer-sml-layout":"","theme-transparent-header-meta":"","adv-header-id-meta":"","stick-header-meta":"","header-above-stick-meta":"","header-main-stick-meta":"","header-below-stick-meta":"","astra-migrate-meta-layouts":"set","ast-page-background-enabled":"default","ast-page-background-meta":{"desktop":{"background-color":"var(--ast-global-color-4)","background-image":"","background-repeat":"repeat","background-position":"center center","background-size":"auto","background-attachment":"scroll","background-type":"","background-media":"","overlay-type":"","overlay-color":"","overlay-gradient":""},"tablet":{"background-color":"","background-image":"","background-repeat":"repeat","background-position":"center center","background-size":"auto","background-attachment":"scroll","background-type":"","background-media":"","overlay-type":"","overlay-color":"","overlay-gradient":""},"mobile":{"background-color":"","background-image":"","background-repeat":"repeat","background-position":"center center","background-size":"auto","background-attachment":"scroll","background-type":"","background-media":"","overlay-type":"","overlay-color":"","overlay-gradient":""}},"ast-content-background-meta":{"desktop":{"background-color":"var(--ast-global-color-5)","background-image":"","background-repeat":"repeat","background-position":"center center","background-size":"auto","background-attachment":"scroll","background-type":"","background-media":"","overlay-type":"","overlay-color":"","overlay-gradient":""},"tablet":{"background-color":"var(--ast-global-color-5)","background-image":"","background-repeat":"repeat","background-position":"center center","background-size":"auto","background-attachment":"scroll","background-type":"","background-media":"","overlay-type":"","overlay-color":"","overlay-gradient":""},"mobile":{"background-color":"var(--ast-global-color-5)","background-image":"","background-repeat":"repeat","background-position":"center center","background-size":"auto","background-attachment":"scroll","background-type":"","background-media":"","overlay-type":"","overlay-color":"","overlay-gradient":""}},"footnotes":""},"class_list":["post-3505","page","type-page","status-publish","hentry"],"yoast_head":"<!-- This site is optimized with the Yoast SEO plugin v27.3 - https:\/\/yoast.com\/product\/yoast-seo-wordpress\/ -->\n<title>Marceau Guitars - Lucas Arnould<\/title>\n<meta name=\"robots\" content=\"index, follow, max-snippet:-1, max-image-preview:large, max-video-preview:-1\" \/>\n<link rel=\"canonical\" href=\"https:\/\/lucasarnould.fr\/index.php\/marceau-guitars\/\" \/>\n<meta property=\"og:locale\" content=\"fr_FR\" \/>\n<meta property=\"og:type\" content=\"article\" \/>\n<meta property=\"og:title\" content=\"Marceau Guitars - Lucas Arnould\" \/>\n<meta property=\"og:description\" content=\"marceau guitars Luthier R\u00e9alisation des supports de communication pour le luthier tom marceau Avec une approche unique dans le domaine de la lutherie, Tom Marceau s\u2019est rapidement impos\u00e9 parmi les artisans de r\u00e9f\u00e9rence en guitare et basse \u00e9lectriques. Cet autodidacte passionn\u00e9, qui a commenc\u00e9 par transformer et r\u00e9parer ses propres instruments, con\u00e7oit aujourd&rsquo;hui des mod\u00e8les &hellip; Marceau Guitars Lire la suite\u00a0\u00bb\" \/>\n<meta property=\"og:url\" content=\"https:\/\/lucasarnould.fr\/index.php\/marceau-guitars\/\" \/>\n<meta property=\"og:site_name\" content=\"Lucas Arnould\" \/>\n<meta property=\"article:modified_time\" content=\"2024-11-13T12:05:36+00:00\" \/>\n<meta property=\"og:image\" content=\"http:\/\/lucasarnould.fr\/wp-content\/uploads\/2024\/11\/PHOTOCALL-scaled-500x500.jpg\" \/>\n<meta name=\"twitter:card\" content=\"summary_large_image\" \/>\n<meta name=\"twitter:label1\" content=\"Dur\u00e9e de lecture estim\u00e9e\" \/>\n\t<meta name=\"twitter:data1\" content=\"2 minutes\" \/>\n<script type=\"application\/ld+json\" class=\"yoast-schema-graph\">{\"@context\":\"https:\\\/\\\/schema.org\",\"@graph\":[{\"@type\":\"WebPage\",\"@id\":\"https:\\\/\\\/lucasarnould.fr\\\/index.php\\\/marceau-guitars\\\/\",\"url\":\"https:\\\/\\\/lucasarnould.fr\\\/index.php\\\/marceau-guitars\\\/\",\"name\":\"Marceau Guitars - Lucas Arnould\",\"isPartOf\":{\"@id\":\"https:\\\/\\\/lucasarnould.fr\\\/#website\"},\"primaryImageOfPage\":{\"@id\":\"https:\\\/\\\/lucasarnould.fr\\\/index.php\\\/marceau-guitars\\\/#primaryimage\"},\"image\":{\"@id\":\"https:\\\/\\\/lucasarnould.fr\\\/index.php\\\/marceau-guitars\\\/#primaryimage\"},\"thumbnailUrl\":\"http:\\\/\\\/lucasarnould.fr\\\/wp-content\\\/uploads\\\/2024\\\/11\\\/PHOTOCALL-scaled-500x500.jpg\",\"datePublished\":\"2024-11-13T08:53:47+00:00\",\"dateModified\":\"2024-11-13T12:05:36+00:00\",\"breadcrumb\":{\"@id\":\"https:\\\/\\\/lucasarnould.fr\\\/index.php\\\/marceau-guitars\\\/#breadcrumb\"},\"inLanguage\":\"fr-FR\",\"potentialAction\":[{\"@type\":\"ReadAction\",\"target\":[\"https:\\\/\\\/lucasarnould.fr\\\/index.php\\\/marceau-guitars\\\/\"]}]},{\"@type\":\"ImageObject\",\"inLanguage\":\"fr-FR\",\"@id\":\"https:\\\/\\\/lucasarnould.fr\\\/index.php\\\/marceau-guitars\\\/#primaryimage\",\"url\":\"http:\\\/\\\/lucasarnould.fr\\\/wp-content\\\/uploads\\\/2024\\\/11\\\/PHOTOCALL-scaled-500x500.jpg\",\"contentUrl\":\"http:\\\/\\\/lucasarnould.fr\\\/wp-content\\\/uploads\\\/2024\\\/11\\\/PHOTOCALL-scaled-500x500.jpg\"},{\"@type\":\"BreadcrumbList\",\"@id\":\"https:\\\/\\\/lucasarnould.fr\\\/index.php\\\/marceau-guitars\\\/#breadcrumb\",\"itemListElement\":[{\"@type\":\"ListItem\",\"position\":1,\"name\":\"Accueil\",\"item\":\"https:\\\/\\\/lucasarnould.fr\\\/\"},{\"@type\":\"ListItem\",\"position\":2,\"name\":\"Marceau Guitars\"}]},{\"@type\":\"WebSite\",\"@id\":\"https:\\\/\\\/lucasarnould.fr\\\/#website\",\"url\":\"https:\\\/\\\/lucasarnould.fr\\\/\",\"name\":\"Lucas Arnould - Sp\u00e9cialiste en communication et photographie\",\"description\":\"\",\"publisher\":{\"@id\":\"https:\\\/\\\/lucasarnould.fr\\\/#\\\/schema\\\/person\\\/a3e7fadb04ecdbeca7c68bd3730279ab\"},\"potentialAction\":[{\"@type\":\"SearchAction\",\"target\":{\"@type\":\"EntryPoint\",\"urlTemplate\":\"https:\\\/\\\/lucasarnould.fr\\\/?s={search_term_string}\"},\"query-input\":{\"@type\":\"PropertyValueSpecification\",\"valueRequired\":true,\"valueName\":\"search_term_string\"}}],\"inLanguage\":\"fr-FR\"},{\"@type\":[\"Person\",\"Organization\"],\"@id\":\"https:\\\/\\\/lucasarnould.fr\\\/#\\\/schema\\\/person\\\/a3e7fadb04ecdbeca7c68bd3730279ab\",\"name\":\"lucasarnould.fr\",\"image\":{\"@type\":\"ImageObject\",\"inLanguage\":\"fr-FR\",\"@id\":\"https:\\\/\\\/lucasarnould.fr\\\/wp-content\\\/uploads\\\/2024\\\/01\\\/cropped-cropped-Logo-Non-Prenom.png\",\"url\":\"https:\\\/\\\/lucasarnould.fr\\\/wp-content\\\/uploads\\\/2024\\\/01\\\/cropped-cropped-Logo-Non-Prenom.png\",\"contentUrl\":\"https:\\\/\\\/lucasarnould.fr\\\/wp-content\\\/uploads\\\/2024\\\/01\\\/cropped-cropped-Logo-Non-Prenom.png\",\"width\":2677,\"height\":816,\"caption\":\"lucasarnould.fr\"},\"logo\":{\"@id\":\"https:\\\/\\\/lucasarnould.fr\\\/wp-content\\\/uploads\\\/2024\\\/01\\\/cropped-cropped-Logo-Non-Prenom.png\"},\"sameAs\":[\"http:\\\/\\\/lucasarnould.fr\"]}]}<\/script>\n<!-- \/ Yoast SEO plugin. -->","yoast_head_json":{"title":"Marceau Guitars - Lucas Arnould","robots":{"index":"index","follow":"follow","max-snippet":"max-snippet:-1","max-image-preview":"max-image-preview:large","max-video-preview":"max-video-preview:-1"},"canonical":"https:\/\/lucasarnould.fr\/index.php\/marceau-guitars\/","og_locale":"fr_FR","og_type":"article","og_title":"Marceau Guitars - Lucas Arnould","og_description":"marceau guitars Luthier R\u00e9alisation des supports de communication pour le luthier tom marceau Avec une approche unique dans le domaine de la lutherie, Tom Marceau s\u2019est rapidement impos\u00e9 parmi les artisans de r\u00e9f\u00e9rence en guitare et basse \u00e9lectriques. Cet autodidacte passionn\u00e9, qui a commenc\u00e9 par transformer et r\u00e9parer ses propres instruments, con\u00e7oit aujourd&rsquo;hui des mod\u00e8les &hellip; Marceau Guitars Lire la suite\u00a0\u00bb","og_url":"https:\/\/lucasarnould.fr\/index.php\/marceau-guitars\/","og_site_name":"Lucas Arnould","article_modified_time":"2024-11-13T12:05:36+00:00","og_image":[{"url":"http:\/\/lucasarnould.fr\/wp-content\/uploads\/2024\/11\/PHOTOCALL-scaled-500x500.jpg","type":"","width":"","height":""}],"twitter_card":"summary_large_image","twitter_misc":{"Dur\u00e9e de lecture estim\u00e9e":"2 minutes"},"schema":{"@context":"https:\/\/schema.org","@graph":[{"@type":"WebPage","@id":"https:\/\/lucasarnould.fr\/index.php\/marceau-guitars\/","url":"https:\/\/lucasarnould.fr\/index.php\/marceau-guitars\/","name":"Marceau Guitars - Lucas Arnould","isPartOf":{"@id":"https:\/\/lucasarnould.fr\/#website"},"primaryImageOfPage":{"@id":"https:\/\/lucasarnould.fr\/index.php\/marceau-guitars\/#primaryimage"},"image":{"@id":"https:\/\/lucasarnould.fr\/index.php\/marceau-guitars\/#primaryimage"},"thumbnailUrl":"http:\/\/lucasarnould.fr\/wp-content\/uploads\/2024\/11\/PHOTOCALL-scaled-500x500.jpg","datePublished":"2024-11-13T08:53:47+00:00","dateModified":"2024-11-13T12:05:36+00:00","breadcrumb":{"@id":"https:\/\/lucasarnould.fr\/index.php\/marceau-guitars\/#breadcrumb"},"inLanguage":"fr-FR","potentialAction":[{"@type":"ReadAction","target":["https:\/\/lucasarnould.fr\/index.php\/marceau-guitars\/"]}]},{"@type":"ImageObject","inLanguage":"fr-FR","@id":"https:\/\/lucasarnould.fr\/index.php\/marceau-guitars\/#primaryimage","url":"http:\/\/lucasarnould.fr\/wp-content\/uploads\/2024\/11\/PHOTOCALL-scaled-500x500.jpg","contentUrl":"http:\/\/lucasarnould.fr\/wp-content\/uploads\/2024\/11\/PHOTOCALL-scaled-500x500.jpg"},{"@type":"BreadcrumbList","@id":"https:\/\/lucasarnould.fr\/index.php\/marceau-guitars\/#breadcrumb","itemListElement":[{"@type":"ListItem","position":1,"name":"Accueil","item":"https:\/\/lucasarnould.fr\/"},{"@type":"ListItem","position":2,"name":"Marceau Guitars"}]},{"@type":"WebSite","@id":"https:\/\/lucasarnould.fr\/#website","url":"https:\/\/lucasarnould.fr\/","name":"Lucas Arnould - Sp\u00e9cialiste en communication et photographie","description":"","publisher":{"@id":"https:\/\/lucasarnould.fr\/#\/schema\/person\/a3e7fadb04ecdbeca7c68bd3730279ab"},"potentialAction":[{"@type":"SearchAction","target":{"@type":"EntryPoint","urlTemplate":"https:\/\/lucasarnould.fr\/?s={search_term_string}"},"query-input":{"@type":"PropertyValueSpecification","valueRequired":true,"valueName":"search_term_string"}}],"inLanguage":"fr-FR"},{"@type":["Person","Organization"],"@id":"https:\/\/lucasarnould.fr\/#\/schema\/person\/a3e7fadb04ecdbeca7c68bd3730279ab","name":"lucasarnould.fr","image":{"@type":"ImageObject","inLanguage":"fr-FR","@id":"https:\/\/lucasarnould.fr\/wp-content\/uploads\/2024\/01\/cropped-cropped-Logo-Non-Prenom.png","url":"https:\/\/lucasarnould.fr\/wp-content\/uploads\/2024\/01\/cropped-cropped-Logo-Non-Prenom.png","contentUrl":"https:\/\/lucasarnould.fr\/wp-content\/uploads\/2024\/01\/cropped-cropped-Logo-Non-Prenom.png","width":2677,"height":816,"caption":"lucasarnould.fr"},"logo":{"@id":"https:\/\/lucasarnould.fr\/wp-content\/uploads\/2024\/01\/cropped-cropped-Logo-Non-Prenom.png"},"sameAs":["http:\/\/lucasarnould.fr"]}]}},"_links":{"self":[{"href":"https:\/\/lucasarnould.fr\/index.php\/wp-json\/wp\/v2\/pages\/3505","targetHints":{"allow":["GET"]}}],"collection":[{"href":"https:\/\/lucasarnould.fr\/index.php\/wp-json\/wp\/v2\/pages"}],"about":[{"href":"https:\/\/lucasarnould.fr\/index.php\/wp-json\/wp\/v2\/types\/page"}],"author":[{"embeddable":true,"href":"https:\/\/lucasarnould.fr\/index.php\/wp-json\/wp\/v2\/users\/1"}],"replies":[{"embeddable":true,"href":"https:\/\/lucasarnould.fr\/index.php\/wp-json\/wp\/v2\/comments?post=3505"}],"version-history":[{"count":8,"href":"https:\/\/lucasarnould.fr\/index.php\/wp-json\/wp\/v2\/pages\/3505\/revisions"}],"predecessor-version":[{"id":3538,"href":"https:\/\/lucasarnould.fr\/index.php\/wp-json\/wp\/v2\/pages\/3505\/revisions\/3538"}],"wp:attachment":[{"href":"https:\/\/lucasarnould.fr\/index.php\/wp-json\/wp\/v2\/media?parent=3505"}],"curies":[{"name":"wp","href":"https:\/\/api.w.org\/{rel}","templated":true}]}}